{"id":3,"date":"2024-11-05T23:10:55","date_gmt":"2024-11-05T22:10:55","guid":{"rendered":"https:\/\/asht.io\/?page_id=3"},"modified":"2024-11-29T00:36:56","modified_gmt":"2024-11-28T23:36:56","slug":"privacy-policy","status":"publish","type":"page","link":"https:\/\/asht.io\/es\/privacy-policy\/","title":{"rendered":"Privacy Policy"},"content":{"rendered":"<div data-elementor-type=\"wp-page\" data-elementor-id=\"3\" class=\"elementor elementor-3\" data-elementor-post-type=\"page\">\n\t\t\t\t<div class=\"elementor-element elementor-element-6f835ff9 e-flex e-con-boxed e-con e-parent\" data-id=\"6f835ff9\" data-element_type=\"container\" data-e-type=\"container\" data-settings=\"{&quot;jet_parallax_layout_list&quot;:[]}\">\n\t\t\t\t\t<div class=\"e-con-inner\">\n\t\t\t\t<div class=\"elementor-element elementor-element-251cbcd elementor-widget elementor-widget-heading\" data-id=\"251cbcd\" data-element_type=\"widget\" data-e-type=\"widget\" data-widget_type=\"heading.default\">\n\t\t\t\t<div class=\"elementor-widget-container\">\n\t\t\t\t\t<h2 class=\"elementor-heading-title elementor-size-default\">Pol\u00edticas de Privacidad <\/h2>\t\t\t\t<\/div>\n\t\t\t\t<\/div>\n\t\t\t\t<div class=\"elementor-element elementor-element-b892179 elementor-widget elementor-widget-heading\" data-id=\"b892179\" data-element_type=\"widget\" data-e-type=\"widget\" data-widget_type=\"heading.default\">\n\t\t\t\t<div class=\"elementor-widget-container\">\n\t\t\t\t\t<h2 class=\"elementor-heading-title elementor-size-default\">ASHT Foundation \n<\/h2>\t\t\t\t<\/div>\n\t\t\t\t<\/div>\n\t\t\t\t<div class=\"elementor-element elementor-element-19e43ac2 elementor-widget elementor-widget-text-editor\" data-id=\"19e43ac2\" data-element_type=\"widget\" data-e-type=\"widget\" data-widget_type=\"text-editor.default\">\n\t\t\t\t<div class=\"elementor-widget-container\">\n\t\t\t\t\t\t\t\t\t\n<p><span style=\"font-weight: 400;\">Estas pol\u00edticas de privacidad involucra a los usuarios de la p\u00e1gina <\/span><a href=\"https:\/\/asht.io\/es\/\"><span style=\"font-weight: 400;\">www.asht.io<\/span><\/a><span style=\"font-weight: 400;\">. En el momento en que se registra en el portal y utilice los servicios<\/span> <span style=\"font-weight: 400;\">disponibles, habiendo le\u00eddo los t\u00e9rminos y condiciones y estas pol\u00edticas de privacidad, usted da<\/span> <span style=\"font-weight: 400;\">su consentimiento y acepta que sus datos ser\u00e1n utilizados de acuerdo a lo establecido en <\/span><span style=\"font-weight: 400;\">la Ley 81 de 2019 de Protecci\u00f3n de Datos Personales.<\/span><\/p>\n<h3 class=\"wp-block-heading\"><b>1. T\u00e9rminos generales\u00a0<\/b><\/h3>\n<p><span style=\"font-weight: 400;\">La ASHT Foundation (en adelante ASHT) es el ente responsable de este sitio y por ende publica estas Pol\u00edticas de Privacidad, en cumplimiento con la legislaci\u00f3n vigente.\u00a0<\/span><\/p>\n<p><span style=\"font-weight: 400;\">Las mismas podr\u00e1n ser modificadas a fin de adecuarla a cualquier reforma legal aplicable, as\u00ed como a las buenas pr\u00e1cticas. En este caso, ASHT realizar\u00e1 la comunicaci\u00f3n pertinente en el sitio.<\/span><\/p>\n<h3><b>2. Tratamiento de datos\u00a0<\/b><\/h3>\n<p><span style=\"font-weight: 400;\">Podemos recopilar datos personales relacionados con usted, particularmente cuando usted: (i) se suscribe para un servicio; (ii) descarga un contenido descargable; (iii) inicia sesi\u00f3n; (iv) aplica para un juego\/concurso; (v) nos env\u00eda un correo electr\u00f3nico; (v) responde a una encuesta o estudio.<\/span><\/p>\n<p><span style=\"font-weight: 400;\">Sus datos personales se registrar\u00e1n en un archivo inform\u00e1tico para fines de investigaci\u00f3n de mercado, marketing, entre otros. Sus datos personales recopilados tendr\u00e1n una caducidad seg\u00fan t\u00e9rmino de ley.<\/span><\/p>\n<p><span style=\"font-weight: 400;\">De acuerdo con las leyes y regulaciones aplicables, usted tendr\u00e1 derecho a acceder, corregir y eliminar cualquier informaci\u00f3n que pueda estar relacionada con usted. Puede ejercer este derecho en cualquier momento, al enviarnos una notificaci\u00f3n, adjuntando una copia de su identificaci\u00f3n, a la siguiente direcci\u00f3n: <\/span><a href=\"mailto:admin@asht.io\"><span style=\"font-weight: 400;\">admin@asht.io<\/span><\/a><\/p>\n<h3><b>3. Privacidad de los Datos\u00a0<\/b><\/h3>\n<p><span style=\"font-weight: 400;\">Nos aseguramos de la confidencialidad de los Datos Personales y su protecci\u00f3n, por ello, los mismos no ser\u00e1n transferidos o cedidos, salvo en aquellos casos en que la legislaci\u00f3n vigente o la autoridad competente as\u00ed lo establezca.\u00a0<\/span><\/p>\n<p><span style=\"font-weight: 400;\">Se podr\u00e1n utilizar datos para fines estad\u00edsticos, en cuyo caso ser\u00e1n disociados, y que tendr\u00e1 como objetivo conocer las necesidades de los usuarios en general, para mejorar los servicios.<\/span><\/p>\n<p><span style=\"font-weight: 400;\">Los datos personales que se pueda requerir u obtener de los usuarios, ser\u00e1 realizada de manera voluntaria, respecto a la suscripci\u00f3n de los servicios en el sitio. En aquellos procesos que se requiera esta informaci\u00f3n, y el usuario decida no aportarla, podr\u00e1 limitar la realizaci\u00f3n de los servicios disponibles, por lo que el usuario reconoce dar el consentimiento del uso de su informaci\u00f3n, para dar continuidad a los mismos, y s\u00f3lo para esos fines.\u00a0<\/span><\/p>\n<p><span style=\"font-weight: 400;\">Se reconocen los derechos de acceso, rectificaci\u00f3n, cancelaci\u00f3n, y oposici\u00f3n, en la medida en que el tratamiento o la recopilaci\u00f3n de los datos no sea exigible, retenida o almacenada por Ley, seg\u00fan las facultades de cada instituci\u00f3n p\u00fablica que posea los mismos, y en general conforme a las normativas vigentes.\u00a0<\/span><\/p>\n<p><span style=\"font-weight: 400;\">Los datos personales se encuentran en bases de datos que cuentan con medidas de seguridad adecuadas que garantizan su integridad, disponibilidad y confidencialidad, incluyendo aquellos controles t\u00e9cnicos y administrativos disponibles, y que puedan estar al alcance de ASHT, para evitar la p\u00e9rdida, mal uso, alteraci\u00f3n, acceso no autorizado y sustracci\u00f3n ilegal de los Datos Personales de lo usuarios.<\/span><span style=\"font-weight: 400;\">\u00a0<\/span><\/p>\n<h3><b>4. Cookies\u00a0<\/b><\/h3>\n<p><span style=\"font-weight: 400;\">El portal utiliza cookies propias para autenticaci\u00f3n y mantener la sesi\u00f3n del usuario, adem\u00e1s de aquellas utilizadas para anal\u00edticas del sitio, a fin de mejorar la experiencia al usuario. Usted puede configurar su navegador para ser avisado de la recepci\u00f3n de las cookies o impedir su instalaci\u00f3n.<\/span><span style=\"font-weight: 400;\">\u00a0<\/span><\/p>\n<h3><b>5. Enlaces\u00a0<\/b><\/h3>\n<p><span style=\"font-weight: 400;\">Estas pol\u00edticas de privacidad se aplican \u00fanicamente a los sitios, portales, servicios o contenidos de <\/span><a href=\"https:\/\/asht.io\/es\/\"><span style=\"font-weight: 400;\">www.asht.io<\/span><\/a><span style=\"font-weight: 400;\">, y no se extiende a los enlaces a otros sitios, portales, servicios o contenidos de distinta titularidad.<\/span><span style=\"font-weight: 400;\">\u00a0<\/span><\/p>\n<h3><b>6. Ley aplicable\u00a0<\/b><\/h3>\n<p><span style=\"font-weight: 400;\">Este documento se rige por las Leyes de la Rep\u00fablica de Panam\u00e1.<\/span><\/p>\n<p style=\"text-align: right;\"><span style=\"font-weight: 400;\">Fecha de \u00faltima actualizaci\u00f3n: Noviembre 2024<\/span><\/p>\t\t\t\t\t\t\t\t<\/div>\n\t\t\t\t<\/div>\n\t\t\t\t\t<\/div>\n\t\t\t\t<\/div>\n\t\t\t\t<\/div>","protected":false},"excerpt":{"rendered":"<p>Pol\u00edticas de Privacidad ASHT Foundation Estas pol\u00edticas de privacidad involucra a los usuarios de la p\u00e1gina www.asht.io. En el momento&#8230;<\/p>","protected":false},"author":7,"featured_media":0,"parent":0,"menu_order":0,"comment_status":"closed","ping_status":"open","template":"","meta":{"footnotes":""},"class_list":["post-3","page","type-page","status-publish","hentry"],"_links":{"self":[{"href":"https:\/\/asht.io\/es\/wp-json\/wp\/v2\/pages\/3","targetHints":{"allow":["GET"]}}],"collection":[{"href":"https:\/\/asht.io\/es\/wp-json\/wp\/v2\/pages"}],"about":[{"href":"https:\/\/asht.io\/es\/wp-json\/wp\/v2\/types\/page"}],"author":[{"embeddable":true,"href":"https:\/\/asht.io\/es\/wp-json\/wp\/v2\/users\/7"}],"replies":[{"embeddable":true,"href":"https:\/\/asht.io\/es\/wp-json\/wp\/v2\/comments?post=3"}],"version-history":[{"count":13,"href":"https:\/\/asht.io\/es\/wp-json\/wp\/v2\/pages\/3\/revisions"}],"predecessor-version":[{"id":914,"href":"https:\/\/asht.io\/es\/wp-json\/wp\/v2\/pages\/3\/revisions\/914"}],"wp:attachment":[{"href":"https:\/\/asht.io\/es\/wp-json\/wp\/v2\/media?parent=3"}],"curies":[{"name":"wp","href":"https:\/\/api.w.org\/{rel}","templated":true}]}}