{"id":898,"date":"2024-11-28T19:42:39","date_gmt":"2024-11-28T18:42:39","guid":{"rendered":"https:\/\/asht.io\/?page_id=898"},"modified":"2024-11-29T00:39:12","modified_gmt":"2024-11-28T23:39:12","slug":"terms-and-restrictions-of-use","status":"publish","type":"page","link":"https:\/\/asht.io\/es\/terms-and-restrictions-of-use\/","title":{"rendered":"Terms and Restrictions of Use"},"content":{"rendered":"<div data-elementor-type=\"wp-page\" data-elementor-id=\"898\" class=\"elementor elementor-898\" data-elementor-post-type=\"page\">\n\t\t\t\t<div class=\"elementor-element elementor-element-6f835ff9 e-flex e-con-boxed e-con e-parent\" data-id=\"6f835ff9\" data-element_type=\"container\" data-e-type=\"container\" data-settings=\"{&quot;jet_parallax_layout_list&quot;:[]}\">\n\t\t\t\t\t<div class=\"e-con-inner\">\n\t\t\t\t<div class=\"elementor-element elementor-element-251cbcd elementor-widget elementor-widget-heading\" data-id=\"251cbcd\" data-element_type=\"widget\" data-e-type=\"widget\" data-widget_type=\"heading.default\">\n\t\t\t\t<div class=\"elementor-widget-container\">\n\t\t\t\t\t<h2 class=\"elementor-heading-title elementor-size-default\">T\u00e9rminos y Restricciones de Uso del Sitio Web<\/h2>\t\t\t\t<\/div>\n\t\t\t\t<\/div>\n\t\t\t\t<div class=\"elementor-element elementor-element-19e43ac2 elementor-widget elementor-widget-text-editor\" data-id=\"19e43ac2\" data-element_type=\"widget\" data-e-type=\"widget\" data-widget_type=\"text-editor.default\">\n\t\t\t\t<div class=\"elementor-widget-container\">\n\t\t\t\t\t\t\t\t\t\n<p><span style=\"font-weight: 400;\">Favor de leer cuidadosamente estos t\u00e9rminos que rigen el uso de este Sitio web (en lo sucesivo \u201cT\u00e9rminos de uso\u201d). Al utilizar este Sitio web, acepta estos T\u00e9rminos de uso sin reticencias.<\/span><\/p>\n<p><span style=\"font-weight: 400;\">Para cualquier solicitud relacionada con su uso del Sitio web, puede comunicarse con nosotros a la siguiente direcci\u00f3n: <\/span><a href=\"mailto:admin@asht.io\"><span style=\"font-weight: 400;\">admin@asht.io<\/span><\/a><\/p>\n<p><span style=\"font-weight: 400;\">Sitio hospedado por: ASHT Foundation<\/span><\/p>\n<p><span style=\"font-weight: 400;\">ACCESO AL SITIO WEB<\/span><\/p>\n<p><span style=\"font-weight: 400;\">Puede utilizar libremente el Sitio web, sin tener que iniciar sesi\u00f3n o crear una cuenta.<\/span><\/p>\n<p><span style=\"font-weight: 400;\">El acceso al Sitio web y\/o a ciertas secciones de este puede requerir el uso de contrase\u00f1as. En tal caso, depende de usted tomar las medidas necesarias para mantener dichos c\u00f3digos en secreto. Naturalmente, puede cambiarlos en cualquier momento. Sin embargo, el n\u00famero de intentos para acceder al Sitio web y\/o a ciertas secciones de este puede estar limitado con el fin de impedir cualquier uso fraudulento de dichos c\u00f3digos. Inf\u00f3rmenos sobre cualquier uso fraudulento del que pueda tener conocimiento. En caso de incumplimiento con las normas establecidas en estos T\u00e9rminos de uso, nos reservamos el derecho de suspender su acceso.<\/span><\/p>\n<p><span style=\"font-weight: 400;\">Los cargos adicionales para acceder y utilizar Internet siguen estando a su cargo.<\/span><\/p>\n<p><span style=\"font-weight: 400;\">PROPIEDAD INTELECTUAL<\/span><\/p>\n<ul>\n<li style=\"font-weight: 400;\" aria-level=\"1\"><span style=\"font-weight: 400;\">Derechos de propiedad intelectual<\/span><\/li>\n<\/ul>\n<p><span style=\"font-weight: 400;\">El desarrollo de este Sitio web implic\u00f3 inversiones significativas. El Sitio web y cada uno de los elementos que comprende (es decir, marcas, im\u00e1genes, textos, videos, etc.) est\u00e1n protegidos por derechos de propiedad intelectual. No se autorizar\u00e1 el uso, la reproducci\u00f3n o la representaci\u00f3n del Sitio web (en su totalidad o en partes), en ning\u00fan medio, para ning\u00fan otro fin, incluidos, entre otros, los fines comerciales.<\/span><\/p>\n<p><span style=\"font-weight: 400;\">Por medio de este Sitio web, podemos poner a su disposici\u00f3n contenidos que est\u00e1 autorizado a descargar (en lo sucesivo, el &#8220;Contenido descargable&#8221;). Le otorgamos, para su uso personal y privado, de forma gratuita un derecho no exclusivo e intransferible para utilizar el Contenido descargable. Queda prohibida cualquier reproducci\u00f3n, representaci\u00f3n, modificaci\u00f3n o distribuci\u00f3n del Sitio web. Al descargar o utilizar dicho Contenido descargable, acepta utilizarlo de acuerdo con estos T\u00e9rminos de uso.<\/span><\/p>\n<p><span style=\"font-weight: 400;\">Por la presente reconoce y acepta que dicho Sitio web ser\u00e1 \u00fanicamente para uso privado en cumplimiento de su fin previsto. No estar\u00e1 autorizado a hacer ning\u00fan uso de este Sitio web que pueda perjudicar el honor, la reputaci\u00f3n o los derechos de terceros tal como se describe a continuaci\u00f3n.<\/span><\/p>\n<ul>\n<li style=\"font-weight: 400;\" aria-level=\"1\"><span style=\"font-weight: 400;\">Derechos de terceros<\/span><\/li>\n<\/ul>\n<p><span style=\"font-weight: 400;\">Le recordamos que usted es el \u00fanico responsable de asegurarse de contar con las autorizaciones necesarias por parte de cualquier titular de derechos, para cualquier contenido que desee publicar a trav\u00e9s del Sitio web, incluyendo todos los derechos de propiedad intelectual y\/o propiedad literaria, art\u00edstica y\/o industrial, derechos y derechos de publicidad (incluyendo el derecho a la propia imagen) para permitir el uso discreto de dichos contenidos.\u00a0 Por ejemplo, usted deber\u00e1 tambi\u00e9n asegurar que cuenta con los derechos respecto a cualquier contenido (especialmente fotograf\u00edas) que muestre obras arquitect\u00f3nicas, dise\u00f1os publicitarios o dise\u00f1os de indumentaria que puedan aparecer (acr\u00f3nimos, logotipos, etc.).<\/span><\/p>\n<ul>\n<li style=\"font-weight: 400;\" aria-level=\"1\"><span style=\"font-weight: 400;\">Contenido del usuario<\/span><\/li>\n<\/ul>\n<p><span style=\"font-weight: 400;\">Podemos poner a disposici\u00f3n a trav\u00e9s de este Sitio web un espacio dedicado a los contenidos del usuario, como texto, fotos, v\u00eddeos, opiniones, etc. (en lo sucesivo &#8220;contenido del usuario&#8221;).<\/span><\/p>\n<p><span style=\"font-weight: 400;\">Al publicar usted el contenido del usuario a trav\u00e9s del Sitio web, usted nos concede una licencia libre del pago de regal\u00edas, irrevocable, no exclusiva, mundial y por el per\u00edodo de protecci\u00f3n legal de los derechos de propiedad intelectual seg\u00fan lo definen las leyes paname\u00f1as y extranjeras y los tratados internacionales (incluyendo todas las reglamentaciones complementarias o modificatorias posteriores) licencia para reproducir, visualizar, usar, copiar, modificar, adaptar, editar, distribuir, traducir, crear trabajos derivados de, incorporar a otros trabajos, distribuir dicho Contenido del usuario (en su totalidad o en partes).<\/span><\/p>\n<p><span style=\"font-weight: 400;\">El contenido del usuario podr\u00e1 ser usado, por lo tanto, para fines internos o externos, de comunicaci\u00f3n corporativa o financiera, publicitarios y para fines de relaciones p\u00fablicas, hist\u00f3ricas o de archivo, del grupo ASHT Foundation o sus filiales, sus productos y\/o sus marcas, particularmente en los siguientes medios:<\/span><\/p>\n<ul>\n<li style=\"font-weight: 400;\" aria-level=\"1\"><span style=\"font-weight: 400;\">Publicaci\u00f3n en todos los formatos, en cantidad ilimitada,<\/span><\/li>\n<li style=\"font-weight: 400;\" aria-level=\"1\"><span style=\"font-weight: 400;\">La prensa escrita, n\u00famero ilimitado de publicaciones,<\/span><\/li>\n<li style=\"font-weight: 400;\" aria-level=\"1\"><span style=\"font-weight: 400;\">Publicaciones ilimitadas, en particular publicaciones con fines de comunicaci\u00f3n interna, incluyendo el departamento comercial, eventos, folletos para congresos, ferias comerciales, exposiciones &#8230;; comunicaci\u00f3n de negocio entre empresas, en la prensa profesional, para un n\u00famero ilimitado de publicaciones y\/o cantidades;<\/span><\/li>\n<li style=\"font-weight: 400;\" aria-level=\"1\"><span style=\"font-weight: 400;\">Publicaciones electr\u00f3nicas, inform\u00e1ticas, digitales, multimedia, de Internet e intranet, a trav\u00e9s de cualquier sitio web (sea cual sea el sitio web y\/o el medio, incluyendo redes sociales como Facebook, X, Instagram, YouTube o Vimeo), n\u00famero ilimitado de panfletos publicitarios y emisiones multimedia,<\/span><\/li>\n<li style=\"font-weight: 400;\" aria-level=\"1\"><span style=\"font-weight: 400;\">A trav\u00e9s de cualquier medio publicitario.<\/span><\/li>\n<\/ul>\n<p><span style=\"font-weight: 400;\">Le informamos que dichas redes sociales son plataformas propiedad de terceros y, en consecuencia, la circulaci\u00f3n y uso del contenido de usuario a trav\u00e9s de dichas redes sociales se regir\u00e1 por los t\u00e9rminos de uso definidos por dichos terceros. Por lo tanto, no nos hacemos responsables de cualquier uso del contenido por parte de nosotros o de terceros de acuerdo con los t\u00e9rminos de uso definidos por las redes sociales, incluyendo, entre otros, en cuanto al alcance y la duraci\u00f3n de los derechos otorgados, y la eliminaci\u00f3n de contenido. Usted ser\u00e1 responsable de manejar cualquier reclamo de terceros relacionado con el uso del contenido de acuerdo con los t\u00e9rminos de uso definidos por las redes sociales.<\/span><\/p>\n<p><span style=\"font-weight: 400;\">Adem\u00e1s, le recordamos que cualquier contenido puede ser referenciado en un motor de b\u00fasqueda y, por lo tanto, puede accederse a \u00e9l por una audiencia fuera del sitio web.<\/span><\/p>\n<p><span style=\"font-weight: 400;\">Esta autorizaci\u00f3n nos brinda la posibilidad de adaptar su contenido como se ha fijado inicialmente y\/o hacer cualquier aclaraci\u00f3n al contenido de usuario que consideremos \u00fatil, siempre que el contenido de usuario no altere su imagen o palabras.<\/span><\/p>\n<p><span style=\"font-weight: 400;\">Adem\u00e1s, el contenido de usuario podr\u00eda incluir datos personales si usted as\u00ed lo hubiera autorizado, tal como su ciudad, pa\u00eds o edad, y\/o, informaci\u00f3n que permita su identificaci\u00f3n, como su nombre o su alias.<\/span><\/p>\n<p><span style=\"font-weight: 400;\">Cualquier contenido de usuario que pueda publicar a trav\u00e9s de este sitio web ser\u00e1 elegido por usted y bajo su exclusiva responsabilidad. Sin embargo, nos gustar\u00eda recordarle que el contenido de usuario no debe entrar en conflicto con la legislaci\u00f3n aplicable o los est\u00e1ndares de moralidad aceptados, o los principios establecidos en este documento. En este sentido, nos reservamos el derecho de eliminar en cualquier momento dicho contenido de usuario que pueda no cumplir con estos T\u00e9rminos de uso, incluyendo el c\u00f3digo de conducta.<\/span><\/p>\n<p><span style=\"font-weight: 400;\">Adem\u00e1s, si accede al contenido de usuario creado por otro usuario, se le exigir\u00e1 que cumpla con los derechos de dicho usuario y, en particular, no reproduzca ni difunda dicho contenido publicado a trav\u00e9s de otros medios sin el consentimiento previo del usuario pertinente.<\/span><\/p>\n<p><span style=\"font-weight: 400;\">C\u00d3DIGO DE CONDUCTA<\/span><\/p>\n<p><span style=\"font-weight: 400;\">Apoyamos los valores de tolerancia y respeto hacia los dem\u00e1s. Por esta raz\u00f3n, al usar este Sitio web, usted acepta:<\/span><\/p>\n<ul>\n<li style=\"font-weight: 400;\" aria-level=\"1\"><span style=\"font-weight: 400;\">No transmitir comentarios racistas, violentos, xen\u00f3fobos, maliciosos, groseros, obscenos o ilegales;<\/span><span style=\"font-weight: 400;\"><br \/><\/span><span style=\"font-weight: 400;\">\u00a0<\/span><\/li>\n<li style=\"font-weight: 400;\" aria-level=\"1\"><span style=\"font-weight: 400;\">No difundir cualquier contenido que pueda ser da\u00f1ino, difamatorio, no autorizado, malicioso o que infrinja la privacidad o los derechos de publicidad, incitar a la violencia, el odio racial o \u00e9tnico o calificar como indecencia grave o incitaci\u00f3n a cometer ciertos delitos o cr\u00edmenes;<\/span><span style=\"font-weight: 400;\"><br \/><\/span><span style=\"font-weight: 400;\">\u00a0<\/span><\/li>\n<li style=\"font-weight: 400;\" aria-level=\"1\"><span style=\"font-weight: 400;\">No usar el Sitio web con fines pol\u00edticos, propagand\u00edsticos o proselitistas;<\/span><span style=\"font-weight: 400;\"><br \/><\/span><span style=\"font-weight: 400;\">\u00a0<\/span><\/li>\n<li style=\"font-weight: 400;\" aria-level=\"1\"><span style=\"font-weight: 400;\">No publicar cualquier contenido publicitario o promocionar productos y\/o servicios que compitan con la(s) marca(s) que se muestran en el Sitio web;<\/span><span style=\"font-weight: 400;\"><br \/><\/span><span style=\"font-weight: 400;\">\u00a0<\/span><\/li>\n<li style=\"font-weight: 400;\" aria-level=\"1\"><span style=\"font-weight: 400;\">No desviar el Sitio web de su finalidad prevista, incluso utiliz\u00e1ndolo como un servicio de citas;<\/span><span style=\"font-weight: 400;\"><br \/><\/span><span style=\"font-weight: 400;\">\u00a0<\/span><\/li>\n<li style=\"font-weight: 400;\" aria-level=\"1\"><span style=\"font-weight: 400;\">No difundir ninguna informaci\u00f3n que pueda directa o indirectamente permitir la identificaci\u00f3n nominal y espec\u00edfica de un individuo sin el consentimiento previo y expreso, como su apellido, direcci\u00f3n postal, direcci\u00f3n de correo electr\u00f3nico, n\u00famero de tel\u00e9fono;<\/span><span style=\"font-weight: 400;\"><br \/><\/span><span style=\"font-weight: 400;\">\u00a0<\/span><\/li>\n<li style=\"font-weight: 400;\" aria-level=\"1\"><span style=\"font-weight: 400;\">No difundir cualquier informaci\u00f3n o contenido que pueda ser perturbador para los m\u00e1s j\u00f3venes;<\/span><span style=\"font-weight: 400;\"><br \/><\/span><span style=\"font-weight: 400;\">\u00a0<\/span><\/li>\n<li style=\"font-weight: 400;\" aria-level=\"1\"><span style=\"font-weight: 400;\">No intimidar o acosar a otros;<\/span><span style=\"font-weight: 400;\"><br \/><\/span><span style=\"font-weight: 400;\">\u00a0<\/span><\/li>\n<li style=\"font-weight: 400;\" aria-level=\"1\"><span style=\"font-weight: 400;\">No llevar a cabo actividades ilegales, incluidas aquellas que puedan infringir los derechos de cualquier persona sobre cualquier software, marca registrada, fotograf\u00eda, imagen, texto, video, etc.;<\/span><span style=\"font-weight: 400;\"><br \/><\/span><span style=\"font-weight: 400;\">\u00a0<\/span><\/li>\n<li style=\"font-weight: 400;\" aria-level=\"1\"><span style=\"font-weight: 400;\">No difundir contenido (incluyendo fotograf\u00edas y videos) retratando a menores.<\/span><\/li>\n<\/ul>\n<ul>\n<li style=\"font-weight: 400;\" aria-level=\"1\"><span style=\"font-weight: 400;\">Si considera que cualquier contenido de usuario infringe los principios enumerados anteriormente, sus derechos o los derechos de un tercero (<\/span><i><span style=\"font-weight: 400;\">p. ej.<\/span><\/i><span style=\"font-weight: 400;\">., cualquier infracci\u00f3n, insulto, violaci\u00f3n de la privacidad), puede enviar una notificaci\u00f3n a la\u00a0 direcci\u00f3n de correo electr\u00f3nico <\/span><a href=\"mailto:admin@asht.io\"><span style=\"font-weight: 400;\">admin@asht.io<\/span><\/a><span style=\"font-weight: 400;\"> especificando la fecha en la que descubri\u00f3 dicho contenido, su identidad, la URL, la descripci\u00f3n del contenido reportado y la identificaci\u00f3n del usuario del autor del mismo.<\/span><span style=\"font-weight: 400;\"><br \/><\/span><span style=\"font-weight: 400;\">\u00a0<\/span><\/li>\n<li style=\"font-weight: 400;\" aria-level=\"1\"><span style=\"font-weight: 400;\">Si detecta cualquier contenido de usuario que pueda incentivar cr\u00edmenes contra la humanidad, incitar odio racial y\/o violencia, o relacionarse con pornograf\u00eda infantil, nos notificar\u00e1\u00a0 inmediatamente a la\u00a0 direcci\u00f3n de correo electr\u00f3nico <\/span><a href=\"mailto:admin@asht.io\"><span style=\"font-weight: 400;\">admin@asht.io<\/span><\/a><span style=\"font-weight: 400;\"> especificando la fecha en la que descubri\u00f3 dicho contenido, su identidad, la URL, la descripci\u00f3n del contenido incriminado y la identificaci\u00f3n del usuario del autor del mismo.<\/span><\/li>\n<\/ul>\n<p><span style=\"font-weight: 400;\">INFORMACI\u00d3N CONTENIDA EN EL SITIO WEB<\/span><\/p>\n<ul>\n<li style=\"font-weight: 400;\" aria-level=\"1\"><span style=\"font-weight: 400;\">Disposiciones generales<\/span><span style=\"font-weight: 400;\"><br \/><\/span> <span style=\"font-weight: 400;\"><br \/><\/span><span style=\"font-weight: 400;\">Por medio de la presente, le recordamos que pueden aparecer imprecisiones y omisiones en la informaci\u00f3n disponible en este Sitio Web, por lo que nos comprometemos a eliminar imprecisiones o completar dicha informaci\u00f3n en el sitio web lo antes posible.<\/span><span style=\"font-weight: 400;\"><br \/><\/span><span style=\"font-weight: 400;\">\u00a0<\/span><\/li>\n<li style=\"font-weight: 400;\" aria-level=\"1\"><span style=\"font-weight: 400;\">Enlaces de hipertexto<\/span><\/li>\n<\/ul>\n<p><span style=\"font-weight: 400;\">Los enlaces de hipertexto incluidos en el Sitio web pueden llevarlo a sitios web publicados por terceros y cuyo contenido no podemos controlar. En consecuencia, en la medida en que dichos enlaces de hipertexto se incluyan en este Sitio web con el \u00fanico prop\u00f3sito de facilitar su experiencia de navegaci\u00f3n en Internet, consultar los sitios web de terceros ser\u00e1 su propia decisi\u00f3n y su \u00fanica responsabilidad.<\/span><\/p>\n<p><span style=\"font-weight: 400;\">DATOS PERSONALES<\/span><\/p>\n<p><span style=\"font-weight: 400;\">Podemos recopilar datos personales relacionados con usted, particularmente cuando usted: (i) se suscribe para un servicio; (ii) descarga un contenido descargable; (iii) inicia sesi\u00f3n; (iv) aplica para un juego\/concurso; (v) nos env\u00eda un correo electr\u00f3nico; (v) responde a una encuesta o estudio.<\/span><\/p>\n<p><span style=\"font-weight: 400;\">Sus datos personales se registrar\u00e1n en un archivo inform\u00e1tico para fines de investigaci\u00f3n de mercado, marketing, entre otros.<\/span><\/p>\n<p><span style=\"font-weight: 400;\">Sus datos personales recopilados tendr\u00e1n una caducidad seg\u00fan t\u00e9rmino de ley.<\/span><\/p>\n<p><span style=\"font-weight: 400;\">De acuerdo con las leyes y regulaciones aplicables, usted tendr\u00e1 derecho a acceder, corregir y eliminar cualquier informaci\u00f3n que pueda estar relacionada con usted. Puede ejercer este derecho en cualquier momento, al enviarnos una notificaci\u00f3n, adjuntando una copia de su identificaci\u00f3n, a la siguiente direcci\u00f3n: <\/span><a href=\"mailto:admin@asht.io\"><span style=\"font-weight: 400;\">admin@asht.io<\/span><\/a><\/p>\n<p><span style=\"font-weight: 400;\">Para cualquier informaci\u00f3n adicional sobre el procesamiento de sus datos personales, consulte nuestra pol\u00edtica de privacidad que podr\u00e1 encontrar en la parte inferior de este sitio web.<\/span><\/p>\n<p><span style=\"font-weight: 400;\">COOKIES<\/span><\/p>\n<p><span style=\"font-weight: 400;\">Las cookies son peque\u00f1os archivos que se almacenan en su dispositivo mientras navega por el sitio web (como las p\u00e1ginas buscadas, la fecha y hora de dicho acceso, etc.) y que pueden leerse siempre que acceda al mismo sitio web (en lo sucesivo \u201cCookies\u201d). ASHT puede instalar cookies en el ordenador del Usuario a efectos de identificaci\u00f3n. Las cookies son peque\u00f1os ficheros depositados en el ordenador del Usuario que registran informaci\u00f3n relativa a la navegaci\u00f3n de este por el Sitio (como, por ejemplo, las p\u00e1ginas consultadas o la fecha y hora de visita), informaci\u00f3n que puede leerse en visitas posteriores del Usuario al Sitio.<\/span><\/p>\n<p><span style=\"font-weight: 400;\">Se recuerda al Usuario que este puede impedir el registro de cookies configurando su navegador a tales efectos. No obstante, para beneficiarse de todas las funciones del Sitio, se recomienda configurar el navegador para que acepte las cookies del Sitio, que han sido dise\u00f1adas para el uso exclusivo de ASHT<\/span><\/p>\n<p><span style=\"font-weight: 400;\">ENMIENDA AL SITIO WEB Y LOS T\u00c9RMINOS DE USO<\/span><\/p>\n<p><span style=\"font-weight: 400;\">Podemos modificar los contenidos y la informaci\u00f3n incluidos en el sitio web as\u00ed como estos T\u00e9rminos de uso, en particular para fines de cumplimiento con cualquier nueva legislaci\u00f3n y\/o regulaci\u00f3n aplicable y\/o para mejorar el sitio web.<\/span><\/p>\n<p><span style=\"font-weight: 400;\">Cualquier modificaci\u00f3n se le notificar\u00e1 a trav\u00e9s del sitio web antes de entrar en vigor en virtud de estos T\u00e9rminos de uso. A menos que la enmienda requiera su aprobaci\u00f3n expresa, su uso continuo del sitio web se considerar\u00e1 como su aceptaci\u00f3n de los nuevos T\u00e9rminos de uso.\u00a0\u00a0\u00a0<\/span><\/p>\n<p><span style=\"font-weight: 400;\">DESCARGO DE RESPONSABILIDAD<\/span><\/p>\n<p><span style=\"font-weight: 400;\">Haremos nuestros m\u00e1ximos esfuerzos para mantener el acceso al sitio web y al contenido descargable en todo momento. Sin embargo, no podemos garantizar la disponibilidad y accesibilidad permanente al sitio web. De hecho, se nos puede solicitar suspender moment\u00e1neamente el acceso a todo o parte del sitio web, en particular para fines de mantenimiento t\u00e9cnico.<\/span><\/p>\n<p><span style=\"font-weight: 400;\">Se especifica adem\u00e1s que Internet y las redes inform\u00e1ticas o de telecomunicaciones no est\u00e1n libres de errores y que pueden ocurrir interrupciones y fallas. No podemos ofrecer ninguna garant\u00eda en este sentido y, por lo tanto, no seremos responsables de ning\u00fan da\u00f1o que pueda estar relacionado con el uso de Internet y las redes inform\u00e1ticas o de telecomunicaciones, incluyendo, entre otros:<\/span><\/p>\n<ul>\n<li style=\"font-weight: 400;\" aria-level=\"1\"><span style=\"font-weight: 400;\">\u2010 Transmisi\u00f3n deficiente y\/o recepci\u00f3n de datos y\/o informaci\u00f3n a trav\u00e9s de Internet;<\/span><\/li>\n<li style=\"font-weight: 400;\" aria-level=\"1\"><span style=\"font-weight: 400;\">\u2010 Cualquier intrusi\u00f3n externa o virus inform\u00e1ticos;<\/span><\/li>\n<li style=\"font-weight: 400;\" aria-level=\"1\"><span style=\"font-weight: 400;\">\u2010 Cualquier equipo receptor o redes de comunicaci\u00f3n que fallan; y<\/span><\/li>\n<li style=\"font-weight: 400;\" aria-level=\"1\"><span style=\"font-weight: 400;\">\u2010 Cualquier mal funcionamiento de Internet que pueda obstaculizar el correcto funcionamiento del sitio web.<\/span><\/li>\n<\/ul>\n<p><span style=\"font-weight: 400;\">Por \u00faltimo, nuestra responsabilidad se limitar\u00e1 a da\u00f1os directos, excluyendo cualquier otro da\u00f1o o p\u00e9rdida de cualquier tipo. M\u00e1s espec\u00edficamente, cualquier da\u00f1o indirecto relacionado, sin limitaci\u00f3n, con cualquier p\u00e9rdida de ganancias, ingresos o buena voluntad.<\/span><\/p>\n<p><span style=\"font-weight: 400;\">LEGISLACI\u00d3N APLICABLE Y DISPUTAS<\/span><\/p>\n<p><span style=\"font-weight: 400;\">Estos T\u00e9rminos de uso se regir\u00e1n por las leyes aplicables en la Rep\u00fablica de Panam\u00e1.<\/span><\/p>\n<p style=\"text-align: right;\"><span style=\"font-weight: 400;\">Fecha de \u00faltima actualizaci\u00f3n: Noviembre 2024<\/span><\/p>\t\t\t\t\t\t\t\t<\/div>\n\t\t\t\t<\/div>\n\t\t\t\t\t<\/div>\n\t\t\t\t<\/div>\n\t\t\t\t<\/div>","protected":false},"excerpt":{"rendered":"<p>T\u00e9rminos y Restricciones de Uso del Sitio Web Favor de leer cuidadosamente estos t\u00e9rminos que rigen el uso de este&#8230;<\/p>","protected":false},"author":7,"featured_media":0,"parent":0,"menu_order":0,"comment_status":"closed","ping_status":"open","template":"","meta":{"footnotes":""},"class_list":["post-898","page","type-page","status-publish","hentry"],"_links":{"self":[{"href":"https:\/\/asht.io\/es\/wp-json\/wp\/v2\/pages\/898","targetHints":{"allow":["GET"]}}],"collection":[{"href":"https:\/\/asht.io\/es\/wp-json\/wp\/v2\/pages"}],"about":[{"href":"https:\/\/asht.io\/es\/wp-json\/wp\/v2\/types\/page"}],"author":[{"embeddable":true,"href":"https:\/\/asht.io\/es\/wp-json\/wp\/v2\/users\/7"}],"replies":[{"embeddable":true,"href":"https:\/\/asht.io\/es\/wp-json\/wp\/v2\/comments?post=898"}],"version-history":[{"count":7,"href":"https:\/\/asht.io\/es\/wp-json\/wp\/v2\/pages\/898\/revisions"}],"predecessor-version":[{"id":917,"href":"https:\/\/asht.io\/es\/wp-json\/wp\/v2\/pages\/898\/revisions\/917"}],"wp:attachment":[{"href":"https:\/\/asht.io\/es\/wp-json\/wp\/v2\/media?parent=898"}],"curies":[{"name":"wp","href":"https:\/\/api.w.org\/{rel}","templated":true}]}}